{"id":575,"date":"2015-07-01T16:14:05","date_gmt":"2015-07-01T14:14:05","guid":{"rendered":"http:\/\/premiumsupplies.de\/wp-everbloom\/contactez-nous-2\/"},"modified":"2015-07-01T16:19:46","modified_gmt":"2015-07-01T14:19:46","slug":"contactez-nous","status":"publish","type":"page","link":"https:\/\/everbloom.eu\/fr\/contactez-nous\/","title":{"rendered":"contactez-nous"},"content":{"rendered":"\n<div class=\"wpcf7 no-js\" id=\"wpcf7-f572-o1\" lang=\"de-DE\" dir=\"ltr\" data-wpcf7-id=\"572\">\n<div class=\"screen-reader-response\"><p role=\"status\" aria-live=\"polite\" aria-atomic=\"true\"><\/p> <ul><\/ul><\/div>\n<form action=\"\/fr\/wp-json\/wp\/v2\/pages\/575#wpcf7-f572-o1\" method=\"post\" class=\"wpcf7-form init\" aria-label=\"Kontaktformular\" novalidate=\"novalidate\" data-status=\"init\">\n<fieldset class=\"hidden-fields-container\"><input type=\"hidden\" name=\"_wpcf7\" value=\"572\" \/><input type=\"hidden\" name=\"_wpcf7_version\" value=\"6.1.5\" \/><input type=\"hidden\" name=\"_wpcf7_locale\" value=\"de_DE\" \/><input type=\"hidden\" name=\"_wpcf7_unit_tag\" value=\"wpcf7-f572-o1\" \/><input type=\"hidden\" name=\"_wpcf7_container_post\" value=\"0\" \/><input type=\"hidden\" name=\"_wpcf7_posted_data_hash\" value=\"\" \/>\n<\/fieldset>\n<p>nom*\n<\/p>\n<p><span class=\"wpcf7-form-control-wrap\" data-name=\"your-name\"><input size=\"40\" maxlength=\"400\" class=\"wpcf7-form-control wpcf7-text wpcf7-validates-as-required\" aria-required=\"true\" aria-invalid=\"false\" value=\"\" type=\"text\" name=\"your-name\" \/><\/span>\n<\/p>\n<p>num\u00e9ro de t\u00e9l\u00e9phone\n<\/p>\n<p><span class=\"wpcf7-form-control-wrap\" data-name=\"your-tel\"><input size=\"40\" maxlength=\"400\" class=\"wpcf7-form-control wpcf7-tel wpcf7-text wpcf7-validates-as-tel\" aria-invalid=\"false\" value=\"\" type=\"tel\" name=\"your-tel\" \/><\/span>\n<\/p>\n<p>adresse e-mail*\n<\/p>\n<p><span class=\"wpcf7-form-control-wrap\" data-name=\"your-email\"><input size=\"40\" maxlength=\"400\" class=\"wpcf7-form-control wpcf7-email wpcf7-validates-as-required wpcf7-text wpcf7-validates-as-email\" aria-required=\"true\" aria-invalid=\"false\" value=\"\" type=\"email\" name=\"your-email\" \/><\/span>\n<\/p>\n<p>pays*\n<\/p>\n<p><span class=\"wpcf7-form-control-wrap\" data-name=\"your-country\"><input size=\"40\" maxlength=\"400\" class=\"wpcf7-form-control wpcf7-text wpcf7-validates-as-required\" aria-required=\"true\" aria-invalid=\"false\" value=\"\" type=\"text\" name=\"your-country\" \/><\/span>\n<\/p>\n<p>objet*\n<\/p>\n<p><span class=\"wpcf7-form-control-wrap\" data-name=\"your-subject\"><input size=\"40\" maxlength=\"400\" class=\"wpcf7-form-control wpcf7-text wpcf7-validates-as-required\" aria-required=\"true\" aria-invalid=\"false\" value=\"\" type=\"text\" name=\"your-subject\" \/><\/span>\n<\/p>\n<p>message*\n<\/p>\n<p><span class=\"wpcf7-form-control-wrap\" data-name=\"your-message\"><textarea cols=\"40\" rows=\"10\" maxlength=\"2000\" class=\"wpcf7-form-control wpcf7-textarea wpcf7-validates-as-required\" aria-required=\"true\" aria-invalid=\"false\" name=\"your-message\"><\/textarea><\/span>\n<\/p>\n<p>*: \u00e0 remplir indispensablement\n<\/p>\n<p><span class=\"wpcf7-form-control-wrap\" data-name=\"checkbox-datenschutz\"><span class=\"wpcf7-form-control wpcf7-checkbox wpcf7-validates-as-required\"><span class=\"wpcf7-list-item first last\"><input type=\"checkbox\" name=\"checkbox-datenschutz[]\" value=\"En utilisant ce formulaire, vous acceptez le stockage et le traitement de vous donn\u00e9es par ce site.*\" \/><span class=\"wpcf7-list-item-label\">En utilisant ce formulaire, vous acceptez le stockage et le traitement de vous donn\u00e9es par ce site.*<\/span><\/span><\/span><\/span>\n<\/p>\n<p><input class=\"wpcf7-form-control wpcf7-submit has-spinner\" type=\"submit\" value=\"envoyer\" \/>\n<\/p><div class=\"wpcf7-response-output\" aria-hidden=\"true\"><\/div>\n<\/form>\n<\/div>\n\n","protected":false},"excerpt":{"rendered":"","protected":false},"author":4,"featured_media":0,"parent":0,"menu_order":3,"comment_status":"closed","ping_status":"closed","template":"","meta":{"footnotes":""},"class_list":["post-575","page","type-page","status-publish","hentry"],"yoast_head":"<!-- This site is optimized with the Yoast SEO plugin v27.4 - https:\/\/yoast.com\/product\/yoast-seo-wordpress\/ -->\n<title>contactez-nous - Everbloom<\/title>\n<meta name=\"robots\" content=\"index, follow, max-snippet:-1, max-image-preview:large, max-video-preview:-1\" \/>\n<link rel=\"canonical\" href=\"https:\/\/everbloom.eu\/fr\/contactez-nous\/\" \/>\n<meta property=\"og:locale\" content=\"fr_FR\" \/>\n<meta property=\"og:type\" content=\"article\" \/>\n<meta property=\"og:title\" content=\"contactez-nous - Everbloom\" \/>\n<meta property=\"og:url\" content=\"https:\/\/everbloom.eu\/fr\/contactez-nous\/\" \/>\n<meta property=\"og:site_name\" content=\"Everbloom\" \/>\n<meta property=\"article:publisher\" content=\"https:\/\/www.facebook.com\/Everbloom4U\" \/>\n<meta property=\"article:modified_time\" content=\"2015-07-01T14:19:46+00:00\" \/>\n<meta name=\"twitter:card\" content=\"summary_large_image\" \/>\n<script type=\"application\/ld+json\" class=\"yoast-schema-graph\">{\"@context\":\"https:\\\/\\\/schema.org\",\"@graph\":[{\"@type\":\"WebPage\",\"@id\":\"https:\\\/\\\/everbloom.eu\\\/fr\\\/contactez-nous\\\/\",\"url\":\"https:\\\/\\\/everbloom.eu\\\/fr\\\/contactez-nous\\\/\",\"name\":\"contactez-nous - Everbloom\",\"isPartOf\":{\"@id\":\"https:\\\/\\\/everbloom.eu\\\/fr\\\/#website\"},\"datePublished\":\"2015-07-01T14:14:05+00:00\",\"dateModified\":\"2015-07-01T14:19:46+00:00\",\"breadcrumb\":{\"@id\":\"https:\\\/\\\/everbloom.eu\\\/fr\\\/contactez-nous\\\/#breadcrumb\"},\"inLanguage\":\"fr-FR\",\"potentialAction\":[{\"@type\":\"ReadAction\",\"target\":[\"https:\\\/\\\/everbloom.eu\\\/fr\\\/contactez-nous\\\/\"]}]},{\"@type\":\"BreadcrumbList\",\"@id\":\"https:\\\/\\\/everbloom.eu\\\/fr\\\/contactez-nous\\\/#breadcrumb\",\"itemListElement\":[{\"@type\":\"ListItem\",\"position\":1,\"name\":\"Home\",\"item\":\"https:\\\/\\\/everbloom.eu\\\/fr\\\/\"},{\"@type\":\"ListItem\",\"position\":2,\"name\":\"contactez-nous\"}]},{\"@type\":\"WebSite\",\"@id\":\"https:\\\/\\\/everbloom.eu\\\/fr\\\/#website\",\"url\":\"https:\\\/\\\/everbloom.eu\\\/fr\\\/\",\"name\":\"Everbloom\",\"description\":\"World Class Hortensia\",\"potentialAction\":[{\"@type\":\"SearchAction\",\"target\":{\"@type\":\"EntryPoint\",\"urlTemplate\":\"https:\\\/\\\/everbloom.eu\\\/fr\\\/?s={search_term_string}\"},\"query-input\":{\"@type\":\"PropertyValueSpecification\",\"valueRequired\":true,\"valueName\":\"search_term_string\"}}],\"inLanguage\":\"fr-FR\"}]}<\/script>\n<!-- \/ Yoast SEO plugin. -->","yoast_head_json":{"title":"contactez-nous - Everbloom","robots":{"index":"index","follow":"follow","max-snippet":"max-snippet:-1","max-image-preview":"max-image-preview:large","max-video-preview":"max-video-preview:-1"},"canonical":"https:\/\/everbloom.eu\/fr\/contactez-nous\/","og_locale":"fr_FR","og_type":"article","og_title":"contactez-nous - Everbloom","og_url":"https:\/\/everbloom.eu\/fr\/contactez-nous\/","og_site_name":"Everbloom","article_publisher":"https:\/\/www.facebook.com\/Everbloom4U","article_modified_time":"2015-07-01T14:19:46+00:00","twitter_card":"summary_large_image","schema":{"@context":"https:\/\/schema.org","@graph":[{"@type":"WebPage","@id":"https:\/\/everbloom.eu\/fr\/contactez-nous\/","url":"https:\/\/everbloom.eu\/fr\/contactez-nous\/","name":"contactez-nous - Everbloom","isPartOf":{"@id":"https:\/\/everbloom.eu\/fr\/#website"},"datePublished":"2015-07-01T14:14:05+00:00","dateModified":"2015-07-01T14:19:46+00:00","breadcrumb":{"@id":"https:\/\/everbloom.eu\/fr\/contactez-nous\/#breadcrumb"},"inLanguage":"fr-FR","potentialAction":[{"@type":"ReadAction","target":["https:\/\/everbloom.eu\/fr\/contactez-nous\/"]}]},{"@type":"BreadcrumbList","@id":"https:\/\/everbloom.eu\/fr\/contactez-nous\/#breadcrumb","itemListElement":[{"@type":"ListItem","position":1,"name":"Home","item":"https:\/\/everbloom.eu\/fr\/"},{"@type":"ListItem","position":2,"name":"contactez-nous"}]},{"@type":"WebSite","@id":"https:\/\/everbloom.eu\/fr\/#website","url":"https:\/\/everbloom.eu\/fr\/","name":"Everbloom","description":"World Class Hortensia","potentialAction":[{"@type":"SearchAction","target":{"@type":"EntryPoint","urlTemplate":"https:\/\/everbloom.eu\/fr\/?s={search_term_string}"},"query-input":{"@type":"PropertyValueSpecification","valueRequired":true,"valueName":"search_term_string"}}],"inLanguage":"fr-FR"}]}},"_links":{"self":[{"href":"https:\/\/everbloom.eu\/fr\/wp-json\/wp\/v2\/pages\/575","targetHints":{"allow":["GET"]}}],"collection":[{"href":"https:\/\/everbloom.eu\/fr\/wp-json\/wp\/v2\/pages"}],"about":[{"href":"https:\/\/everbloom.eu\/fr\/wp-json\/wp\/v2\/types\/page"}],"author":[{"embeddable":true,"href":"https:\/\/everbloom.eu\/fr\/wp-json\/wp\/v2\/users\/4"}],"replies":[{"embeddable":true,"href":"https:\/\/everbloom.eu\/fr\/wp-json\/wp\/v2\/comments?post=575"}],"version-history":[{"count":0,"href":"https:\/\/everbloom.eu\/fr\/wp-json\/wp\/v2\/pages\/575\/revisions"}],"wp:attachment":[{"href":"https:\/\/everbloom.eu\/fr\/wp-json\/wp\/v2\/media?parent=575"}],"curies":[{"name":"wp","href":"https:\/\/api.w.org\/{rel}","templated":true}]}}