{"id":505,"date":"2015-04-13T10:52:28","date_gmt":"2015-04-13T08:52:28","guid":{"rendered":"http:\/\/premiumsupplies.de\/wp-everbloom\/le-soin\/"},"modified":"2018-07-02T16:29:20","modified_gmt":"2018-07-02T14:29:20","slug":"le-soin","status":"publish","type":"page","link":"https:\/\/everbloom.eu\/fr\/le-soin\/","title":{"rendered":"Le soin"},"content":{"rendered":"<p>Pour que vous ayez bien du plaisir avec votre hortensia Everbloom\u00ae, nous vous donnons ci-dessous quelques conseils quant au soin optimal.<\/p>\n<h3>Le site<\/h3>\n<p>Votre hortensia Everbloom\u00ae supporte absolument quelques heures par jour en plein soleil, de pr\u00e9f\u00e9rence le matin ou l\u2019apr\u00e8s-midi. Cependant, trop de soleil \u2013 surtout la chaleur \u00e0 midi \u2013 ne lui est pas favorable. Dans nos degr\u00e9s d\u2019altitude, l\u2019hortensia Everbloom\u00ae peut hiverner dehors, et au carr\u00e9 et dans un pot. La plante supporte des temp\u00e9ratures allant\u00a0 jusqu\u2019\u00e0 -15\u00b0C sans probl\u00e8me. Cependant, l\u2019hortensia empot\u00e9e \u00e9volue bien dans\u00a0 un endroit bien prot\u00e9g\u00e9. Une sorte de \u201cmanteau d\u2019hiver\u201d autour du pot &#8211; en jute ou plastique \u2013 lui fera du bien.<\/p>\n<p>Attention: la pluie et l\u2019eau d\u2019arrosage doivent pouvoir bien couler sinon les racines pourriront. Mais les racines ne doivent pas non plus devenir trop s\u00e8ches. En cas de doute, arrosez m\u00eame en hiver.<\/p>\n<h3>Mis en terre<\/h3>\n<p>Quand vous plantez un nouvel hortensia Everbloom\u00ae, vous mettez d\u2019abord le pot dans un seau rempli d\u2019eau, pour que le ballot puisse bien se gorger d\u2019eau. Le trou pour la plantation devrait \u00eatre d\u2019environ 20 cm (de diam\u00e8tre) et 10 cm (de profondeur) plus grand que le pot original. Jusqu\u2019\u00e0 ce que la plante ait la hauteur appropri\u00e9e, vous mettrez du terreau frais de hortensia ou de rhododendron dans le trou, avant de mettre la plante. Lib\u00e9rez-la prudemment du pot. Remplissez le trou au 2\/3 avec du terreau sp\u00e9cial, pour le reste vous prendrez du terreau jardinier normal. Enfin, vous arroserez encore une fois en r\u00e9p\u00e9tant r\u00e9guli\u00e8rement durant les premi\u00e8res semaines. Evitez que l\u2019eau soit retenue! Si vous plantez plusieurs hortensias, faites attention \u00e0 ce que la distance soit au moins de 75 cm parce que le bouquet atteint vite un diam\u00e8tre allant jusqu\u2019\u00e0 1,5 m.<\/p>\n<h3>Changement de pot<\/h3>\n<p>Si vous voulez changer de pot \u00e0 votre hortensia Everbloom\u00ae, prenez toujours un pot plus grand pour que du terreau frais puisse \u00eatre rajout\u00e9. Utilisez de pr\u00e9f\u00e9rence du terreau d\u2019hortensia ou de rhododendron. La meilleure saison pour changer de pot, est le mois d\u2019 avril ou de mai quand les hortensias recommencent \u00e0 pousser et \u00e0 former de nouvelles racines. Attention: apr\u00e8s avoir chang\u00e9 de pot, arrosez bien mais \u00e9vitez que l\u2019eau soit retenue.<\/p>\n<h3>La coupe<\/h3>\n<p>L\u2019hortensia Everbloom\u00ae n\u2019est ni exigeante ni rancunier! Sa floraison est la plus abondante sans coupe. Cependant, vous pouvez la couper sans probl\u00e8me pour garder la plante dans sa forme et sa taille d\u00e9sir\u00e9es. Puisque les hortensias Everbloom\u00ae fleurissent, contrairement \u00e0 d\u2019autres hortensias, m\u00eame la saison \u00e0 venir. La p\u00e9riode favorable pour une coupe de forme pour Everbloom\u00ae est entre fin f\u00e9vrier et d\u00e9but mars. Les fleurs fan\u00e9es peuvent \u00eatre enlev\u00e9es \u00e0 chaque instant. Mais, coupez imm\u00e9diatement au-dessus de la fleur, puisqu\u2019au dessous d\u2019autres boutons se forment.<\/p>\n<h3>Arrosage<\/h3>\n<p>L\u2019hortensia Everbloom\u00ae est exigeante en eau\u2013 surtout en p\u00e9riode chaude. L\u2019arrosage r\u00e9gulier garantit une abondance de fleurs magnifiques. Si jamais, en \u00e9t\u00e9, les feuilles se fanent (stress hydrique), ajoutez tout simplement beaucoup d\u2019eau. Ainsi, les feuilles se remettront de nouveau. Le mieux, vous arrosez tr\u00e8s t\u00f4t le matin ou bien assez tard dans la soir\u00e9e. Faites attention \u00e0 ce que l\u2019eau ne touche pas les feuilles ni les fleurs mais qu\u2019elle atteigne directement le ballot.<\/p>\n<h3>La fertilisation<\/h3>\n<p>Si vous ajoutez de l\u2019engrais au mois de mars ou d\u2019avril et en plus sous la pleine fleur, vous procurerez \u00e0 l\u2019hortensia Everbloom\u00ae un vigueur extra et la laisserez verdoyer et fleurir de mani\u00e8re optimale. Vous pouvez acheter de l\u2019engrais sp\u00e9cial pour les hortensias dans les magasins de commerce sp\u00e9cialis\u00e9e.<\/p>\n<h3>Rose ou bleu?<\/h3>\n<p>Est-ce que vous saviez que vous pouvez changer vous-m\u00eame la couleur des hortensias en rouge, rose et bleu? En effet, la couleur des fleurs d\u00e9pend du pH et du contenu en aluminium du sol. Pour colorer les hortensias bleus en rose, il faut ajouter du calcaire au sol pour augmenter le pH. Pour changer la couleur de rose \u00e0 bleu ou de rouge \u00e0 violet, vous ajouterez de l\u2019engrais nomm\u00e9 \u201cengrais d\u2019hortensias bleus\u201d que vous pouvez acheter dans les centres horticoles. A l\u2019aide de b\u00e2tonnets de mesure (que vous achetez \u00e9galement en commerce specialis\u00e9e), vous controlez le pH de votre sol et par consequent la quantit\u00e9 n\u00e9cessaire d\u2019engrais ou de calcaire. Comme directive les chiffres ci-dessous:<\/p>\n<ul>\n<li>Si le pH de votre sol se trouve plus ou moins \u00e0 la moyenne (4,5-5) vous recevrez des nuances interm\u00e9diaires<\/li>\n<li>Les fleurs bleues ont besoin d\u2019un pH entre 4 et 4,5<\/li>\n<li>Pour obtenir des fleurs en rose, il vous faut un pH \u00e0 partir de 5-5,5.<\/li>\n<\/ul>\n<h3>L\u2019hortensia Everbloom \u00ae comme fleur coup\u00e9e<\/h3>\n<p>L\u2019hortensia Everbloom\u00ae se pr\u00e9sente \u00e9galement tr\u00e8s bien en fleur coup\u00e9e dans un vase. De tous les cultivars connues qui fleurissent la saison \u00e0 venir, c\u2019est lui qui dispose des plus grandes fleurs. Cela impressionne beaucoup sur la table dans la sale de s\u00e9jour. Les fleurs se fixent sur des p\u00e9doncules tr\u00e8s stables qui se tiennent bien dans le vase. Le mieux est de couper les p\u00e9doncules en biais et renouveler r\u00e9guli\u00e8rement l\u2019eau dans le vase. Ainsi, les fleurs restent fra\u00eeches assez longtemps.<\/p>\n<h3>S\u00e9chage des fleurs<\/h3>\n<p>D\u00e8s que l\u2019\u00e9t\u00e9 touche \u00e0 sa fin, vous pouvez aller chercher les belles fleurs Everbloom\u00ae afin de les garder dans la maison. Apr\u00e8s les avoir s\u00e9ch\u00e9es, vous aurez beaucoup de plaisir m\u00eame en hiver. Les fleurs deviennent plus s\u00e8ches et dures apr\u00e8s s\u2019\u00eatre \u00e9panouies. Donc, vous pouvez les couper et s\u00e9cher. Proc\u00e9der ainsi:<\/p>\n<ul>\n<li>Accrocher les fleurs t\u00eate la premi\u00e8re \u00e0 un endroit sombre et chaud.<\/li>\n<li>Le tuyau du fleuriste: mettez les fleurs fra\u00eechement coup\u00e9es dans une liti\u00e8re pour chats bien absorbante<\/li>\n<li>Si vous voulez s\u00e9cher les fleurs sans p\u00e9doncules, \u00e9tendez-les sur du papier journal \u00e0 un endroit sombre et chaud<\/li>\n<\/ul>\n","protected":false},"excerpt":{"rendered":"<p>Pour que vous ayez bien du plaisir avec votre hortensia Everbloom\u00ae, nous vous donnons ci-dessous quelques conseils quant au soin optimal. Le site Votre hortensia Everbloom\u00ae supporte absolument quelques heures par jour en plein soleil, de pr\u00e9f\u00e9rence le matin ou &hellip; <a href=\"https:\/\/everbloom.eu\/fr\/le-soin\/\">Continuer la lecture <span class=\"meta-nav\">&rarr;<\/span><\/a><\/p>\n","protected":false},"author":4,"featured_media":0,"parent":0,"menu_order":2,"comment_status":"closed","ping_status":"closed","template":"","meta":{"footnotes":""},"class_list":["post-505","page","type-page","status-publish","hentry"],"yoast_head":"<!-- This site is optimized with the Yoast SEO plugin v27.3 - https:\/\/yoast.com\/product\/yoast-seo-wordpress\/ -->\n<title>Le soin - Everbloom<\/title>\n<meta name=\"robots\" content=\"index, follow, max-snippet:-1, max-image-preview:large, max-video-preview:-1\" \/>\n<link rel=\"canonical\" href=\"https:\/\/everbloom.eu\/fr\/le-soin\/\" \/>\n<meta property=\"og:locale\" content=\"fr_FR\" \/>\n<meta property=\"og:type\" content=\"article\" \/>\n<meta property=\"og:title\" content=\"Le soin - Everbloom\" \/>\n<meta property=\"og:description\" content=\"Pour que vous ayez bien du plaisir avec votre hortensia Everbloom\u00ae, nous vous donnons ci-dessous quelques conseils quant au soin optimal. Le site Votre hortensia Everbloom\u00ae supporte absolument quelques heures par jour en plein soleil, de pr\u00e9f\u00e9rence le matin ou &hellip; Continuer la lecture &rarr;\" \/>\n<meta property=\"og:url\" content=\"https:\/\/everbloom.eu\/fr\/le-soin\/\" \/>\n<meta property=\"og:site_name\" content=\"Everbloom\" \/>\n<meta property=\"article:publisher\" content=\"https:\/\/www.facebook.com\/Everbloom4U\" \/>\n<meta property=\"article:modified_time\" content=\"2018-07-02T14:29:20+00:00\" \/>\n<meta name=\"twitter:card\" content=\"summary_large_image\" \/>\n<meta name=\"twitter:label1\" content=\"Dur\u00e9e de lecture estim\u00e9e\" \/>\n\t<meta name=\"twitter:data1\" content=\"5 minutes\" \/>\n<script type=\"application\/ld+json\" class=\"yoast-schema-graph\">{\"@context\":\"https:\\\/\\\/schema.org\",\"@graph\":[{\"@type\":\"WebPage\",\"@id\":\"https:\\\/\\\/everbloom.eu\\\/fr\\\/le-soin\\\/\",\"url\":\"https:\\\/\\\/everbloom.eu\\\/fr\\\/le-soin\\\/\",\"name\":\"Le soin - Everbloom\",\"isPartOf\":{\"@id\":\"https:\\\/\\\/everbloom.eu\\\/fr\\\/#website\"},\"datePublished\":\"2015-04-13T08:52:28+00:00\",\"dateModified\":\"2018-07-02T14:29:20+00:00\",\"breadcrumb\":{\"@id\":\"https:\\\/\\\/everbloom.eu\\\/fr\\\/le-soin\\\/#breadcrumb\"},\"inLanguage\":\"fr-FR\",\"potentialAction\":[{\"@type\":\"ReadAction\",\"target\":[\"https:\\\/\\\/everbloom.eu\\\/fr\\\/le-soin\\\/\"]}]},{\"@type\":\"BreadcrumbList\",\"@id\":\"https:\\\/\\\/everbloom.eu\\\/fr\\\/le-soin\\\/#breadcrumb\",\"itemListElement\":[{\"@type\":\"ListItem\",\"position\":1,\"name\":\"Home\",\"item\":\"https:\\\/\\\/everbloom.eu\\\/fr\\\/\"},{\"@type\":\"ListItem\",\"position\":2,\"name\":\"Le soin\"}]},{\"@type\":\"WebSite\",\"@id\":\"https:\\\/\\\/everbloom.eu\\\/fr\\\/#website\",\"url\":\"https:\\\/\\\/everbloom.eu\\\/fr\\\/\",\"name\":\"Everbloom\",\"description\":\"World Class Hortensia\",\"potentialAction\":[{\"@type\":\"SearchAction\",\"target\":{\"@type\":\"EntryPoint\",\"urlTemplate\":\"https:\\\/\\\/everbloom.eu\\\/fr\\\/?s={search_term_string}\"},\"query-input\":{\"@type\":\"PropertyValueSpecification\",\"valueRequired\":true,\"valueName\":\"search_term_string\"}}],\"inLanguage\":\"fr-FR\"}]}<\/script>\n<!-- \/ Yoast SEO plugin. -->","yoast_head_json":{"title":"Le soin - Everbloom","robots":{"index":"index","follow":"follow","max-snippet":"max-snippet:-1","max-image-preview":"max-image-preview:large","max-video-preview":"max-video-preview:-1"},"canonical":"https:\/\/everbloom.eu\/fr\/le-soin\/","og_locale":"fr_FR","og_type":"article","og_title":"Le soin - Everbloom","og_description":"Pour que vous ayez bien du plaisir avec votre hortensia Everbloom\u00ae, nous vous donnons ci-dessous quelques conseils quant au soin optimal. Le site Votre hortensia Everbloom\u00ae supporte absolument quelques heures par jour en plein soleil, de pr\u00e9f\u00e9rence le matin ou &hellip; Continuer la lecture &rarr;","og_url":"https:\/\/everbloom.eu\/fr\/le-soin\/","og_site_name":"Everbloom","article_publisher":"https:\/\/www.facebook.com\/Everbloom4U","article_modified_time":"2018-07-02T14:29:20+00:00","twitter_card":"summary_large_image","twitter_misc":{"Dur\u00e9e de lecture estim\u00e9e":"5 minutes"},"schema":{"@context":"https:\/\/schema.org","@graph":[{"@type":"WebPage","@id":"https:\/\/everbloom.eu\/fr\/le-soin\/","url":"https:\/\/everbloom.eu\/fr\/le-soin\/","name":"Le soin - Everbloom","isPartOf":{"@id":"https:\/\/everbloom.eu\/fr\/#website"},"datePublished":"2015-04-13T08:52:28+00:00","dateModified":"2018-07-02T14:29:20+00:00","breadcrumb":{"@id":"https:\/\/everbloom.eu\/fr\/le-soin\/#breadcrumb"},"inLanguage":"fr-FR","potentialAction":[{"@type":"ReadAction","target":["https:\/\/everbloom.eu\/fr\/le-soin\/"]}]},{"@type":"BreadcrumbList","@id":"https:\/\/everbloom.eu\/fr\/le-soin\/#breadcrumb","itemListElement":[{"@type":"ListItem","position":1,"name":"Home","item":"https:\/\/everbloom.eu\/fr\/"},{"@type":"ListItem","position":2,"name":"Le soin"}]},{"@type":"WebSite","@id":"https:\/\/everbloom.eu\/fr\/#website","url":"https:\/\/everbloom.eu\/fr\/","name":"Everbloom","description":"World Class Hortensia","potentialAction":[{"@type":"SearchAction","target":{"@type":"EntryPoint","urlTemplate":"https:\/\/everbloom.eu\/fr\/?s={search_term_string}"},"query-input":{"@type":"PropertyValueSpecification","valueRequired":true,"valueName":"search_term_string"}}],"inLanguage":"fr-FR"}]}},"_links":{"self":[{"href":"https:\/\/everbloom.eu\/fr\/wp-json\/wp\/v2\/pages\/505","targetHints":{"allow":["GET"]}}],"collection":[{"href":"https:\/\/everbloom.eu\/fr\/wp-json\/wp\/v2\/pages"}],"about":[{"href":"https:\/\/everbloom.eu\/fr\/wp-json\/wp\/v2\/types\/page"}],"author":[{"embeddable":true,"href":"https:\/\/everbloom.eu\/fr\/wp-json\/wp\/v2\/users\/4"}],"replies":[{"embeddable":true,"href":"https:\/\/everbloom.eu\/fr\/wp-json\/wp\/v2\/comments?post=505"}],"version-history":[{"count":0,"href":"https:\/\/everbloom.eu\/fr\/wp-json\/wp\/v2\/pages\/505\/revisions"}],"wp:attachment":[{"href":"https:\/\/everbloom.eu\/fr\/wp-json\/wp\/v2\/media?parent=505"}],"curies":[{"name":"wp","href":"https:\/\/api.w.org\/{rel}","templated":true}]}}