{"id":387,"date":"2015-03-27T10:58:39","date_gmt":"2015-03-27T09:58:39","guid":{"rendered":"http:\/\/premiumsupplies.de\/wp-everbloom\/collection\/blue-wonder\/"},"modified":"2018-07-02T16:26:51","modified_gmt":"2018-07-02T14:26:51","slug":"blue-wonder","status":"publish","type":"page","link":"https:\/\/everbloom.eu\/fr\/collection\/blue-wonder\/","title":{"rendered":"Blue wonder"},"content":{"rendered":"<h1>Floraison riche et longue, chaque ann\u00e9e!<\/h1>\n<div class=\"halbspalte\"><div id=\"metaslider-id-482\" style=\"max-width: 424px;\" class=\"ml-slider-3-107-0 metaslider metaslider-flex metaslider-482 ml-slider ms-theme-default nav-hidden\" role=\"region\" aria-label=\"blue-DE\" data-height=\"424\" data-width=\"424\">\n    <div id=\"metaslider_container_482\">\n        <div id=\"metaslider_482\" class=\"flexslider\">\n            <ul class='slides'>\n                <li style=\"display: block; width: 100%;\" class=\"slide-241 ms-image \" aria-roledescription=\"slide\" data-date=\"2015-03-25 15:45:35\" data-filename=\"topf-DE-blue-424.png\" data-slide-type=\"image\"><img loading=\"lazy\" decoding=\"async\" width=\"424\" height=\"424\" src=\"https:\/\/everbloom.eu\/wp-content\/uploads\/2015\/03\/topf-DE-blue-424.png\" class=\"slider-482 slide-241 msDefaultImage\" alt=\"\" rel=\"\" title=\"\" style=\"margin: 0 auto; width: 100%\" srcset=\"https:\/\/everbloom.eu\/wp-content\/uploads\/2015\/03\/topf-DE-blue-424.png 424w, https:\/\/everbloom.eu\/wp-content\/uploads\/2015\/03\/topf-DE-blue-424-200x200.png 200w, https:\/\/everbloom.eu\/wp-content\/uploads\/2015\/03\/topf-DE-blue-424-300x300.png 300w\" sizes=\"auto, (max-width: 424px) 100vw, 424px\" \/><\/li>\n                <li style=\"display: none; width: 100%;\" class=\"slide-530 ms-image \" aria-roledescription=\"slide\" data-date=\"2015-04-14 14:50:42\" data-filename=\"oben-blue-424.png\" data-slide-type=\"image\"><img loading=\"lazy\" decoding=\"async\" width=\"424\" height=\"424\" src=\"https:\/\/everbloom.eu\/wp-content\/uploads\/2015\/04\/oben-blue-424.png\" class=\"slider-482 slide-530 msDefaultImage\" alt=\"\" rel=\"\" title=\"\" style=\"margin: 0 auto; width: 100%\" srcset=\"https:\/\/everbloom.eu\/wp-content\/uploads\/2015\/04\/oben-blue-424.png 424w, https:\/\/everbloom.eu\/wp-content\/uploads\/2015\/04\/oben-blue-424-200x200.png 200w, https:\/\/everbloom.eu\/wp-content\/uploads\/2015\/04\/oben-blue-424-300x300.png 300w\" sizes=\"auto, (max-width: 424px) 100vw, 424px\" \/><\/li>\n            <\/ul>\n        <\/div>\n        \n    <\/div>\n<\/div><\/div>\n<section class=\"halbspalte\">\n<h3>Des informations g\u00e9n\u00e9rales<\/h3>\n<table>\n<tbody>\n<tr>\n<td>Hauteur<\/td>\n<td>Sous-bois, environ 1-2 m\u00e8tres<\/td>\n<\/tr>\n<tr>\n<td>Bloei<\/td>\n<td>Juin \u00e0 Septembre, fleurs globulaires avec \u00e9cologisation belle et attrayante couleur rouge\u00e2tre en automne<\/td>\n<\/tr>\n<tr>\n<td>Fond<\/td>\n<td>Nutritifs, suffisamment humide<\/td>\n<\/tr>\n<\/tbody>\n<\/table>\n<h3>Soins<\/h3>\n<table>\n<tbody>\n<tr>\n<td>Emplacement<\/td>\n<td>Demi l&rsquo;ombre, \u00e0 l&rsquo;abri du vent<\/td>\n<\/tr>\n<tr>\n<td>Gebruik<\/td>\n<td>Terrain ouvert et usine de terrasse (cuve)<\/td>\n<\/tr>\n<tr>\n<td>Soins<\/td>\n<td>Pendant la croissance de Mai \u00e0 Juillet r\u00e9guli\u00e8rement apporter leur contribution<\/td>\n<\/tr>\n<tr>\n<td>Couper<\/td>\n<td>La taille des fleurs fan\u00e9es, ce qui favorise de nouvelles fleurs. Fleurit jamais Bloom ans bois, chaque ann\u00e9e<\/td>\n<\/tr>\n<\/tbody>\n<\/table>\n<h3>Conseils<\/h3>\n<table>\n<tbody>\n<tr>\n<td>Pointe<\/td>\n<td>Hortensias besoin de beaucoup d&rsquo;eau, surtout en temps d&rsquo;\u00e9t\u00e9. Croissance luxuriante est votre r\u00e9compense! Seulement pour la d\u00e9coration, pas pour manger! Esp\u00e8ces prot\u00e9g\u00e9es, la copie interdites sans licence<\/td>\n<\/tr>\n<\/tbody>\n<\/table>\n<\/section>\n<h3 class=\"ganzspalte\">Veuillez choisir:<\/h3>\n<div id=\"attachment_242\" style=\"width: 210px\" class=\"wp-caption alignleft\"><a title=\"Pink wonder\" href=\"http:\/\/everbloom.eu\/fr\/collection\/pink-wonder\/\"><img loading=\"lazy\" decoding=\"async\" aria-describedby=\"caption-attachment-242\" class=\"wp-image-242 size-thumbnail\" src=\"http:\/\/everbloom.eu\/wp-content\/uploads\/2015\/03\/topf-DE-pink-424-200x200.png\" alt=\"topf-DE-pink-424\" width=\"200\" height=\"200\" srcset=\"https:\/\/everbloom.eu\/wp-content\/uploads\/2015\/03\/topf-DE-pink-424-200x200.png 200w, https:\/\/everbloom.eu\/wp-content\/uploads\/2015\/03\/topf-DE-pink-424.png 424w, https:\/\/everbloom.eu\/wp-content\/uploads\/2015\/03\/topf-DE-pink-424-300x300.png 300w\" sizes=\"auto, (max-width: 200px) 100vw, 200px\" \/><\/a><p id=\"caption-attachment-242\" class=\"wp-caption-text\">Pink Wonder<\/p><\/div>\n<div id=\"attachment_241\" style=\"width: 210px\" class=\"wp-caption alignleft\"><a title=\"Blue wonder\" href=\"http:\/\/everbloom.eu\/fr\/collection\/blue-wonder\/\"><img loading=\"lazy\" decoding=\"async\" aria-describedby=\"caption-attachment-241\" class=\"wp-image-241 size-thumbnail\" src=\"http:\/\/everbloom.eu\/wp-content\/uploads\/2015\/03\/topf-DE-blue-424-200x200.png\" alt=\"topf-DE-blue-424\" width=\"200\" height=\"200\" srcset=\"https:\/\/everbloom.eu\/wp-content\/uploads\/2015\/03\/topf-DE-blue-424-200x200.png 200w, https:\/\/everbloom.eu\/wp-content\/uploads\/2015\/03\/topf-DE-blue-424.png 424w, https:\/\/everbloom.eu\/wp-content\/uploads\/2015\/03\/topf-DE-blue-424-300x300.png 300w\" sizes=\"auto, (max-width: 200px) 100vw, 200px\" \/><\/a><p id=\"caption-attachment-241\" class=\"wp-caption-text\">Blue Wonder<\/p><\/div>\n<div id=\"attachment_244\" style=\"width: 210px\" class=\"wp-caption alignleft\"><a title=\"White wonder\" href=\"http:\/\/everbloom.eu\/fr\/collection\/white-wonder\/\"><img loading=\"lazy\" decoding=\"async\" aria-describedby=\"caption-attachment-244\" class=\"wp-image-244 size-thumbnail\" src=\"http:\/\/everbloom.eu\/wp-content\/uploads\/2015\/03\/topf-DE-white-424-200x200.png\" alt=\"topf-DE-white-424\" width=\"200\" height=\"200\" srcset=\"https:\/\/everbloom.eu\/wp-content\/uploads\/2015\/03\/topf-DE-white-424-200x200.png 200w, https:\/\/everbloom.eu\/wp-content\/uploads\/2015\/03\/topf-DE-white-424.png 424w, https:\/\/everbloom.eu\/wp-content\/uploads\/2015\/03\/topf-DE-white-424-300x300.png 300w\" sizes=\"auto, (max-width: 200px) 100vw, 200px\" \/><\/a><p id=\"caption-attachment-244\" class=\"wp-caption-text\">White Wonder<\/p><\/div>\n<div id=\"attachment_243\" style=\"width: 210px\" class=\"wp-caption alignleft\"><a title=\"Red wonder\" href=\"http:\/\/everbloom.eu\/fr\/collection\/red-wonder\/\"><img loading=\"lazy\" decoding=\"async\" aria-describedby=\"caption-attachment-243\" class=\"wp-image-243 size-thumbnail\" src=\"http:\/\/everbloom.eu\/wp-content\/uploads\/2015\/03\/topf-DE-red-424-200x200.png\" alt=\"topf-DE-red-424\" width=\"200\" height=\"200\" srcset=\"https:\/\/everbloom.eu\/wp-content\/uploads\/2015\/03\/topf-DE-red-424-200x200.png 200w, https:\/\/everbloom.eu\/wp-content\/uploads\/2015\/03\/topf-DE-red-424.png 424w, https:\/\/everbloom.eu\/wp-content\/uploads\/2015\/03\/topf-DE-red-424-300x300.png 300w\" sizes=\"auto, (max-width: 200px) 100vw, 200px\" \/><\/a><p id=\"caption-attachment-243\" class=\"wp-caption-text\">Red Wonder<\/p><\/div>\n","protected":false},"excerpt":{"rendered":"<p>Floraison riche et longue, chaque ann\u00e9e! Des informations g\u00e9n\u00e9rales Hauteur Sous-bois, environ 1-2 m\u00e8tres Bloei Juin \u00e0 Septembre, fleurs globulaires avec \u00e9cologisation belle et attrayante couleur rouge\u00e2tre en automne Fond Nutritifs, suffisamment humide Soins Emplacement Demi l&rsquo;ombre, \u00e0 l&rsquo;abri du &hellip; <a href=\"https:\/\/everbloom.eu\/fr\/collection\/blue-wonder\/\">Continuer la lecture <span class=\"meta-nav\">&rarr;<\/span><\/a><\/p>\n","protected":false},"author":4,"featured_media":162,"parent":106,"menu_order":2,"comment_status":"closed","ping_status":"closed","template":"","meta":{"footnotes":""},"class_list":["post-387","page","type-page","status-publish","has-post-thumbnail","hentry"],"yoast_head":"<!-- This site is optimized with the Yoast SEO plugin v27.3 - https:\/\/yoast.com\/product\/yoast-seo-wordpress\/ -->\n<title>Blue wonder - Everbloom<\/title>\n<meta name=\"robots\" content=\"index, follow, max-snippet:-1, max-image-preview:large, max-video-preview:-1\" \/>\n<link rel=\"canonical\" href=\"https:\/\/everbloom.eu\/fr\/collection\/blue-wonder\/\" \/>\n<meta property=\"og:locale\" content=\"fr_FR\" \/>\n<meta property=\"og:type\" content=\"article\" \/>\n<meta property=\"og:title\" content=\"Blue wonder - Everbloom\" \/>\n<meta property=\"og:description\" content=\"Floraison riche et longue, chaque ann\u00e9e! Des informations g\u00e9n\u00e9rales Hauteur Sous-bois, environ 1-2 m\u00e8tres Bloei Juin \u00e0 Septembre, fleurs globulaires avec \u00e9cologisation belle et attrayante couleur rouge\u00e2tre en automne Fond Nutritifs, suffisamment humide Soins Emplacement Demi l&rsquo;ombre, \u00e0 l&rsquo;abri du &hellip; Continuer la lecture &rarr;\" \/>\n<meta property=\"og:url\" content=\"https:\/\/everbloom.eu\/fr\/collection\/blue-wonder\/\" \/>\n<meta property=\"og:site_name\" content=\"Everbloom\" \/>\n<meta property=\"article:publisher\" content=\"https:\/\/www.facebook.com\/Everbloom4U\" \/>\n<meta property=\"article:modified_time\" content=\"2018-07-02T14:26:51+00:00\" \/>\n<meta property=\"og:image\" content=\"https:\/\/everbloom.eu\/wp-content\/uploads\/2015\/03\/head-everbloom-blue.jpg\" \/>\n\t<meta property=\"og:image:width\" content=\"1000\" \/>\n\t<meta property=\"og:image:height\" content=\"288\" \/>\n\t<meta property=\"og:image:type\" content=\"image\/jpeg\" \/>\n<meta name=\"twitter:card\" content=\"summary_large_image\" \/>\n<meta name=\"twitter:label1\" content=\"Dur\u00e9e de lecture estim\u00e9e\" \/>\n\t<meta name=\"twitter:data1\" content=\"1 minute\" \/>\n<script type=\"application\/ld+json\" class=\"yoast-schema-graph\">{\"@context\":\"https:\\\/\\\/schema.org\",\"@graph\":[{\"@type\":\"WebPage\",\"@id\":\"https:\\\/\\\/everbloom.eu\\\/fr\\\/collection\\\/blue-wonder\\\/\",\"url\":\"https:\\\/\\\/everbloom.eu\\\/fr\\\/collection\\\/blue-wonder\\\/\",\"name\":\"Blue wonder - Everbloom\",\"isPartOf\":{\"@id\":\"https:\\\/\\\/everbloom.eu\\\/fr\\\/#website\"},\"primaryImageOfPage\":{\"@id\":\"https:\\\/\\\/everbloom.eu\\\/fr\\\/collection\\\/blue-wonder\\\/#primaryimage\"},\"image\":{\"@id\":\"https:\\\/\\\/everbloom.eu\\\/fr\\\/collection\\\/blue-wonder\\\/#primaryimage\"},\"thumbnailUrl\":\"https:\\\/\\\/everbloom.eu\\\/wp-content\\\/uploads\\\/2015\\\/03\\\/head-everbloom-blue.jpg\",\"datePublished\":\"2015-03-27T09:58:39+00:00\",\"dateModified\":\"2018-07-02T14:26:51+00:00\",\"breadcrumb\":{\"@id\":\"https:\\\/\\\/everbloom.eu\\\/fr\\\/collection\\\/blue-wonder\\\/#breadcrumb\"},\"inLanguage\":\"fr-FR\",\"potentialAction\":[{\"@type\":\"ReadAction\",\"target\":[\"https:\\\/\\\/everbloom.eu\\\/fr\\\/collection\\\/blue-wonder\\\/\"]}]},{\"@type\":\"ImageObject\",\"inLanguage\":\"fr-FR\",\"@id\":\"https:\\\/\\\/everbloom.eu\\\/fr\\\/collection\\\/blue-wonder\\\/#primaryimage\",\"url\":\"https:\\\/\\\/everbloom.eu\\\/wp-content\\\/uploads\\\/2015\\\/03\\\/head-everbloom-blue.jpg\",\"contentUrl\":\"https:\\\/\\\/everbloom.eu\\\/wp-content\\\/uploads\\\/2015\\\/03\\\/head-everbloom-blue.jpg\",\"width\":1000,\"height\":288,\"caption\":\"Head Blue Wonder\"},{\"@type\":\"BreadcrumbList\",\"@id\":\"https:\\\/\\\/everbloom.eu\\\/fr\\\/collection\\\/blue-wonder\\\/#breadcrumb\",\"itemListElement\":[{\"@type\":\"ListItem\",\"position\":1,\"name\":\"Home\",\"item\":\"https:\\\/\\\/everbloom.eu\\\/fr\\\/\"},{\"@type\":\"ListItem\",\"position\":2,\"name\":\"Collection\",\"item\":\"https:\\\/\\\/everbloom.eu\\\/fr\\\/collection\\\/\"},{\"@type\":\"ListItem\",\"position\":3,\"name\":\"Blue wonder\"}]},{\"@type\":\"WebSite\",\"@id\":\"https:\\\/\\\/everbloom.eu\\\/fr\\\/#website\",\"url\":\"https:\\\/\\\/everbloom.eu\\\/fr\\\/\",\"name\":\"Everbloom\",\"description\":\"World Class Hortensia\",\"potentialAction\":[{\"@type\":\"SearchAction\",\"target\":{\"@type\":\"EntryPoint\",\"urlTemplate\":\"https:\\\/\\\/everbloom.eu\\\/fr\\\/?s={search_term_string}\"},\"query-input\":{\"@type\":\"PropertyValueSpecification\",\"valueRequired\":true,\"valueName\":\"search_term_string\"}}],\"inLanguage\":\"fr-FR\"}]}<\/script>\n<!-- \/ Yoast SEO plugin. -->","yoast_head_json":{"title":"Blue wonder - Everbloom","robots":{"index":"index","follow":"follow","max-snippet":"max-snippet:-1","max-image-preview":"max-image-preview:large","max-video-preview":"max-video-preview:-1"},"canonical":"https:\/\/everbloom.eu\/fr\/collection\/blue-wonder\/","og_locale":"fr_FR","og_type":"article","og_title":"Blue wonder - Everbloom","og_description":"Floraison riche et longue, chaque ann\u00e9e! Des informations g\u00e9n\u00e9rales Hauteur Sous-bois, environ 1-2 m\u00e8tres Bloei Juin \u00e0 Septembre, fleurs globulaires avec \u00e9cologisation belle et attrayante couleur rouge\u00e2tre en automne Fond Nutritifs, suffisamment humide Soins Emplacement Demi l&rsquo;ombre, \u00e0 l&rsquo;abri du &hellip; Continuer la lecture &rarr;","og_url":"https:\/\/everbloom.eu\/fr\/collection\/blue-wonder\/","og_site_name":"Everbloom","article_publisher":"https:\/\/www.facebook.com\/Everbloom4U","article_modified_time":"2018-07-02T14:26:51+00:00","og_image":[{"width":1000,"height":288,"url":"https:\/\/everbloom.eu\/wp-content\/uploads\/2015\/03\/head-everbloom-blue.jpg","type":"image\/jpeg"}],"twitter_card":"summary_large_image","twitter_misc":{"Dur\u00e9e de lecture estim\u00e9e":"1 minute"},"schema":{"@context":"https:\/\/schema.org","@graph":[{"@type":"WebPage","@id":"https:\/\/everbloom.eu\/fr\/collection\/blue-wonder\/","url":"https:\/\/everbloom.eu\/fr\/collection\/blue-wonder\/","name":"Blue wonder - Everbloom","isPartOf":{"@id":"https:\/\/everbloom.eu\/fr\/#website"},"primaryImageOfPage":{"@id":"https:\/\/everbloom.eu\/fr\/collection\/blue-wonder\/#primaryimage"},"image":{"@id":"https:\/\/everbloom.eu\/fr\/collection\/blue-wonder\/#primaryimage"},"thumbnailUrl":"https:\/\/everbloom.eu\/wp-content\/uploads\/2015\/03\/head-everbloom-blue.jpg","datePublished":"2015-03-27T09:58:39+00:00","dateModified":"2018-07-02T14:26:51+00:00","breadcrumb":{"@id":"https:\/\/everbloom.eu\/fr\/collection\/blue-wonder\/#breadcrumb"},"inLanguage":"fr-FR","potentialAction":[{"@type":"ReadAction","target":["https:\/\/everbloom.eu\/fr\/collection\/blue-wonder\/"]}]},{"@type":"ImageObject","inLanguage":"fr-FR","@id":"https:\/\/everbloom.eu\/fr\/collection\/blue-wonder\/#primaryimage","url":"https:\/\/everbloom.eu\/wp-content\/uploads\/2015\/03\/head-everbloom-blue.jpg","contentUrl":"https:\/\/everbloom.eu\/wp-content\/uploads\/2015\/03\/head-everbloom-blue.jpg","width":1000,"height":288,"caption":"Head Blue Wonder"},{"@type":"BreadcrumbList","@id":"https:\/\/everbloom.eu\/fr\/collection\/blue-wonder\/#breadcrumb","itemListElement":[{"@type":"ListItem","position":1,"name":"Home","item":"https:\/\/everbloom.eu\/fr\/"},{"@type":"ListItem","position":2,"name":"Collection","item":"https:\/\/everbloom.eu\/fr\/collection\/"},{"@type":"ListItem","position":3,"name":"Blue wonder"}]},{"@type":"WebSite","@id":"https:\/\/everbloom.eu\/fr\/#website","url":"https:\/\/everbloom.eu\/fr\/","name":"Everbloom","description":"World Class Hortensia","potentialAction":[{"@type":"SearchAction","target":{"@type":"EntryPoint","urlTemplate":"https:\/\/everbloom.eu\/fr\/?s={search_term_string}"},"query-input":{"@type":"PropertyValueSpecification","valueRequired":true,"valueName":"search_term_string"}}],"inLanguage":"fr-FR"}]}},"_links":{"self":[{"href":"https:\/\/everbloom.eu\/fr\/wp-json\/wp\/v2\/pages\/387","targetHints":{"allow":["GET"]}}],"collection":[{"href":"https:\/\/everbloom.eu\/fr\/wp-json\/wp\/v2\/pages"}],"about":[{"href":"https:\/\/everbloom.eu\/fr\/wp-json\/wp\/v2\/types\/page"}],"author":[{"embeddable":true,"href":"https:\/\/everbloom.eu\/fr\/wp-json\/wp\/v2\/users\/4"}],"replies":[{"embeddable":true,"href":"https:\/\/everbloom.eu\/fr\/wp-json\/wp\/v2\/comments?post=387"}],"version-history":[{"count":0,"href":"https:\/\/everbloom.eu\/fr\/wp-json\/wp\/v2\/pages\/387\/revisions"}],"up":[{"embeddable":true,"href":"https:\/\/everbloom.eu\/fr\/wp-json\/wp\/v2\/pages\/106"}],"wp:featuredmedia":[{"embeddable":true,"href":"https:\/\/everbloom.eu\/fr\/wp-json\/wp\/v2\/media\/162"}],"wp:attachment":[{"href":"https:\/\/everbloom.eu\/fr\/wp-json\/wp\/v2\/media?parent=387"}],"curies":[{"name":"wp","href":"https:\/\/api.w.org\/{rel}","templated":true}]}}