{"id":19,"date":"2015-03-18T14:12:52","date_gmt":"2015-03-18T13:12:52","guid":{"rendered":"http:\/\/premiumsupplies.de\/wp-everbloom\/?page_id=19"},"modified":"2018-07-02T16:30:13","modified_gmt":"2018-07-02T14:30:13","slug":"bienvenue-a-everbloom","status":"publish","type":"page","link":"https:\/\/everbloom.eu\/fr\/","title":{"rendered":"Une floraison s\u00fbre et de <\/br>longue dur\u00e9e chaque ann\u00e9e"},"content":{"rendered":"<div class=\"alignright\"><div id=\"metaslider-id-465\" style=\"max-width: 250px;\" class=\"ml-slider-3-107-0 metaslider metaslider-flex metaslider-465 ml-slider ms-theme-default nav-hidden\" role=\"region\" aria-label=\"all-DE-250\" data-height=\"250\" data-width=\"250\">\n    <div id=\"metaslider_container_465\">\n        <div id=\"metaslider_465\" class=\"flexslider\">\n            <ul class='slides'>\n                <li style=\"display: block; width: 100%;\" class=\"slide-244 ms-image \" aria-roledescription=\"slide\" data-date=\"2015-03-25 15:45:41\" data-filename=\"topf-DE-white-424.png\" data-slide-type=\"image\"><img loading=\"lazy\" decoding=\"async\" width=\"424\" height=\"424\" src=\"https:\/\/everbloom.eu\/wp-content\/uploads\/2015\/03\/topf-DE-white-424.png\" class=\"slider-465 slide-244 msDefaultImage\" alt=\"\" rel=\"\" title=\"\" style=\"margin: 0 auto; width: 100%\" srcset=\"https:\/\/everbloom.eu\/wp-content\/uploads\/2015\/03\/topf-DE-white-424.png 424w, https:\/\/everbloom.eu\/wp-content\/uploads\/2015\/03\/topf-DE-white-424-200x200.png 200w, https:\/\/everbloom.eu\/wp-content\/uploads\/2015\/03\/topf-DE-white-424-300x300.png 300w\" sizes=\"auto, (max-width: 424px) 100vw, 424px\" \/><\/li>\n                <li style=\"display: none; width: 100%;\" class=\"slide-243 ms-image \" aria-roledescription=\"slide\" data-date=\"2015-03-25 15:45:39\" data-filename=\"topf-DE-red-424.png\" data-slide-type=\"image\"><img loading=\"lazy\" decoding=\"async\" width=\"424\" height=\"424\" src=\"https:\/\/everbloom.eu\/wp-content\/uploads\/2015\/03\/topf-DE-red-424.png\" class=\"slider-465 slide-243 msDefaultImage\" alt=\"\" rel=\"\" title=\"\" style=\"margin: 0 auto; width: 100%\" srcset=\"https:\/\/everbloom.eu\/wp-content\/uploads\/2015\/03\/topf-DE-red-424.png 424w, https:\/\/everbloom.eu\/wp-content\/uploads\/2015\/03\/topf-DE-red-424-200x200.png 200w, https:\/\/everbloom.eu\/wp-content\/uploads\/2015\/03\/topf-DE-red-424-300x300.png 300w\" sizes=\"auto, (max-width: 424px) 100vw, 424px\" \/><\/li>\n                <li style=\"display: none; width: 100%;\" class=\"slide-242 ms-image \" aria-roledescription=\"slide\" data-date=\"2015-03-25 15:45:37\" data-filename=\"topf-DE-pink-424.png\" data-slide-type=\"image\"><img loading=\"lazy\" decoding=\"async\" width=\"424\" height=\"424\" src=\"https:\/\/everbloom.eu\/wp-content\/uploads\/2015\/03\/topf-DE-pink-424.png\" class=\"slider-465 slide-242 msDefaultImage\" alt=\"\" rel=\"\" title=\"\" style=\"margin: 0 auto; width: 100%\" srcset=\"https:\/\/everbloom.eu\/wp-content\/uploads\/2015\/03\/topf-DE-pink-424.png 424w, https:\/\/everbloom.eu\/wp-content\/uploads\/2015\/03\/topf-DE-pink-424-200x200.png 200w, https:\/\/everbloom.eu\/wp-content\/uploads\/2015\/03\/topf-DE-pink-424-300x300.png 300w\" sizes=\"auto, (max-width: 424px) 100vw, 424px\" \/><\/li>\n                <li style=\"display: none; width: 100%;\" class=\"slide-241 ms-image \" aria-roledescription=\"slide\" data-date=\"2015-03-25 15:45:35\" data-filename=\"topf-DE-blue-424.png\" data-slide-type=\"image\"><img loading=\"lazy\" decoding=\"async\" width=\"424\" height=\"424\" src=\"https:\/\/everbloom.eu\/wp-content\/uploads\/2015\/03\/topf-DE-blue-424.png\" class=\"slider-465 slide-241 msDefaultImage\" alt=\"\" rel=\"\" title=\"\" style=\"margin: 0 auto; width: 100%\" srcset=\"https:\/\/everbloom.eu\/wp-content\/uploads\/2015\/03\/topf-DE-blue-424.png 424w, https:\/\/everbloom.eu\/wp-content\/uploads\/2015\/03\/topf-DE-blue-424-200x200.png 200w, https:\/\/everbloom.eu\/wp-content\/uploads\/2015\/03\/topf-DE-blue-424-300x300.png 300w\" sizes=\"auto, (max-width: 424px) 100vw, 424px\" \/><\/li>\n            <\/ul>\n        <\/div>\n        \n    <\/div>\n<\/div><\/div>\n<p>Vous d\u00e9sirez une floraison fiable m\u00eame en tenant compte de gels tardifs ou de section radicale non r\u00e9ussie? On vous conseille donc nos hortensias Everbloom\u00ae. Vous connaissez bien le probl\u00e8me li\u00e9 \u00e0 la forme standard: s\u2019il y a du gel assez tard au cours de l\u2019ann\u00e9e, la plupart des boutons des hortensias seront \u00e9galement gel\u00e9s \u2013 fini le r\u00eave d\u2019une floraison intense pour tout le reste de l\u2019ann\u00e9e.<\/p>\n<p>Tout \u00e0 fait autre chose vous attend avec nos hortensias Everbloom\u00ae. Ils ne fleurissent pas seulement \u00e0 leur pousse de l\u2019ann\u00e9e pass\u00e9e sinon ils formeront un bouton m\u00eame \u00e0 la nouvelle pousse qui fleurira abondamment le m\u00eame \u00e9t\u00e9. Les hortensias \u00aeEverbloom tol\u00e8rent une \u201cfausse\u201d section radicale qui a lieu trop tard dans l\u2019ann\u00e9e. Comme cela, ils conviennent tr\u00e8s bien pour les jardiniers d\u00e9butants. Les cultivars \u00aeEverbloom s\u2019adaptent \u00e0 l\u2019hiver, leurs jeunes pousses sont r\u00e9sistantes et vigoureuses, et le feuillage bien dress\u00e9 et vert formant un beau contraste avec la fleur de celles-ci.<\/p>\n<p>Actuellement, on offre les cultivars Everbloom\u00ae en blanc, rouge et rose. Les ombelles sont fines, elles se coloreront tr\u00e8s bien plus tard en vert et procureront par cons\u00e9quent la coloration rouge\u00e2tre si attractive. Everbloom\u00ae \u2013 ce sont vraiment des hortensias avec lesquelles vous aurez une gamme vari\u00e9e de bon choix!<\/p>\n","protected":false},"excerpt":{"rendered":"<p>Vous d\u00e9sirez une floraison fiable m\u00eame en tenant compte de gels tardifs ou de section radicale non r\u00e9ussie? On vous conseille donc nos hortensias Everbloom\u00ae. Vous connaissez bien le probl\u00e8me li\u00e9 \u00e0 la forme standard: s\u2019il y a du gel &hellip; <a href=\"https:\/\/everbloom.eu\/fr\/\">Continuer la lecture <span class=\"meta-nav\">&rarr;<\/span><\/a><\/p>\n","protected":false},"author":4,"featured_media":0,"parent":0,"menu_order":0,"comment_status":"closed","ping_status":"closed","template":"","meta":{"footnotes":""},"class_list":["post-19","page","type-page","status-publish","hentry"],"yoast_head":"<!-- This site is optimized with the Yoast SEO plugin v27.3 - https:\/\/yoast.com\/product\/yoast-seo-wordpress\/ -->\n<title>Une floraison s\u00fbre et de longue dur\u00e9e chaque ann\u00e9e - Everbloom<\/title>\n<meta name=\"robots\" content=\"index, follow, max-snippet:-1, max-image-preview:large, max-video-preview:-1\" \/>\n<link rel=\"canonical\" href=\"https:\/\/everbloom.eu\/fr\/\" \/>\n<meta property=\"og:locale\" content=\"fr_FR\" \/>\n<meta property=\"og:type\" content=\"article\" \/>\n<meta property=\"og:title\" content=\"Une floraison s\u00fbre et de longue dur\u00e9e chaque ann\u00e9e - Everbloom\" \/>\n<meta property=\"og:description\" content=\"Vous d\u00e9sirez une floraison fiable m\u00eame en tenant compte de gels tardifs ou de section radicale non r\u00e9ussie? On vous conseille donc nos hortensias Everbloom\u00ae. Vous connaissez bien le probl\u00e8me li\u00e9 \u00e0 la forme standard: s\u2019il y a du gel &hellip; Continuer la lecture &rarr;\" \/>\n<meta property=\"og:url\" content=\"https:\/\/everbloom.eu\/fr\/\" \/>\n<meta property=\"og:site_name\" content=\"Everbloom\" \/>\n<meta property=\"article:publisher\" content=\"https:\/\/www.facebook.com\/Everbloom4U\" \/>\n<meta property=\"article:modified_time\" content=\"2018-07-02T14:30:13+00:00\" \/>\n<meta name=\"twitter:card\" content=\"summary_large_image\" \/>\n<meta name=\"twitter:label1\" content=\"Dur\u00e9e de lecture estim\u00e9e\" \/>\n\t<meta name=\"twitter:data1\" content=\"1 minute\" \/>\n<script type=\"application\/ld+json\" class=\"yoast-schema-graph\">{\"@context\":\"https:\\\/\\\/schema.org\",\"@graph\":[{\"@type\":\"WebPage\",\"@id\":\"https:\\\/\\\/everbloom.eu\\\/fr\\\/\",\"url\":\"https:\\\/\\\/everbloom.eu\\\/fr\\\/\",\"name\":\"Une floraison s\u00fbre et de longue dur\u00e9e chaque ann\u00e9e - Everbloom\",\"isPartOf\":{\"@id\":\"https:\\\/\\\/everbloom.eu\\\/fr\\\/#website\"},\"datePublished\":\"2015-03-18T13:12:52+00:00\",\"dateModified\":\"2018-07-02T14:30:13+00:00\",\"breadcrumb\":{\"@id\":\"https:\\\/\\\/everbloom.eu\\\/fr\\\/#breadcrumb\"},\"inLanguage\":\"fr-FR\",\"potentialAction\":[{\"@type\":\"ReadAction\",\"target\":[\"https:\\\/\\\/everbloom.eu\\\/fr\\\/\"]}]},{\"@type\":\"BreadcrumbList\",\"@id\":\"https:\\\/\\\/everbloom.eu\\\/fr\\\/#breadcrumb\",\"itemListElement\":[{\"@type\":\"ListItem\",\"position\":1,\"name\":\"Home\",\"item\":\"https:\\\/\\\/everbloom.eu\\\/fr\\\/\"},{\"@type\":\"ListItem\",\"position\":2,\"name\":\"Une floraison s\u00fbre et de longue dur\u00e9e chaque ann\u00e9e\"}]},{\"@type\":\"WebSite\",\"@id\":\"https:\\\/\\\/everbloom.eu\\\/fr\\\/#website\",\"url\":\"https:\\\/\\\/everbloom.eu\\\/fr\\\/\",\"name\":\"Everbloom\",\"description\":\"World Class Hortensia\",\"potentialAction\":[{\"@type\":\"SearchAction\",\"target\":{\"@type\":\"EntryPoint\",\"urlTemplate\":\"https:\\\/\\\/everbloom.eu\\\/fr\\\/?s={search_term_string}\"},\"query-input\":{\"@type\":\"PropertyValueSpecification\",\"valueRequired\":true,\"valueName\":\"search_term_string\"}}],\"inLanguage\":\"fr-FR\"}]}<\/script>\n<!-- \/ Yoast SEO plugin. -->","yoast_head_json":{"title":"Une floraison s\u00fbre et de longue dur\u00e9e chaque ann\u00e9e - Everbloom","robots":{"index":"index","follow":"follow","max-snippet":"max-snippet:-1","max-image-preview":"max-image-preview:large","max-video-preview":"max-video-preview:-1"},"canonical":"https:\/\/everbloom.eu\/fr\/","og_locale":"fr_FR","og_type":"article","og_title":"Une floraison s\u00fbre et de longue dur\u00e9e chaque ann\u00e9e - Everbloom","og_description":"Vous d\u00e9sirez une floraison fiable m\u00eame en tenant compte de gels tardifs ou de section radicale non r\u00e9ussie? On vous conseille donc nos hortensias Everbloom\u00ae. Vous connaissez bien le probl\u00e8me li\u00e9 \u00e0 la forme standard: s\u2019il y a du gel &hellip; Continuer la lecture &rarr;","og_url":"https:\/\/everbloom.eu\/fr\/","og_site_name":"Everbloom","article_publisher":"https:\/\/www.facebook.com\/Everbloom4U","article_modified_time":"2018-07-02T14:30:13+00:00","twitter_card":"summary_large_image","twitter_misc":{"Dur\u00e9e de lecture estim\u00e9e":"1 minute"},"schema":{"@context":"https:\/\/schema.org","@graph":[{"@type":"WebPage","@id":"https:\/\/everbloom.eu\/fr\/","url":"https:\/\/everbloom.eu\/fr\/","name":"Une floraison s\u00fbre et de longue dur\u00e9e chaque ann\u00e9e - Everbloom","isPartOf":{"@id":"https:\/\/everbloom.eu\/fr\/#website"},"datePublished":"2015-03-18T13:12:52+00:00","dateModified":"2018-07-02T14:30:13+00:00","breadcrumb":{"@id":"https:\/\/everbloom.eu\/fr\/#breadcrumb"},"inLanguage":"fr-FR","potentialAction":[{"@type":"ReadAction","target":["https:\/\/everbloom.eu\/fr\/"]}]},{"@type":"BreadcrumbList","@id":"https:\/\/everbloom.eu\/fr\/#breadcrumb","itemListElement":[{"@type":"ListItem","position":1,"name":"Home","item":"https:\/\/everbloom.eu\/fr\/"},{"@type":"ListItem","position":2,"name":"Une floraison s\u00fbre et de longue dur\u00e9e chaque ann\u00e9e"}]},{"@type":"WebSite","@id":"https:\/\/everbloom.eu\/fr\/#website","url":"https:\/\/everbloom.eu\/fr\/","name":"Everbloom","description":"World Class Hortensia","potentialAction":[{"@type":"SearchAction","target":{"@type":"EntryPoint","urlTemplate":"https:\/\/everbloom.eu\/fr\/?s={search_term_string}"},"query-input":{"@type":"PropertyValueSpecification","valueRequired":true,"valueName":"search_term_string"}}],"inLanguage":"fr-FR"}]}},"_links":{"self":[{"href":"https:\/\/everbloom.eu\/fr\/wp-json\/wp\/v2\/pages\/19","targetHints":{"allow":["GET"]}}],"collection":[{"href":"https:\/\/everbloom.eu\/fr\/wp-json\/wp\/v2\/pages"}],"about":[{"href":"https:\/\/everbloom.eu\/fr\/wp-json\/wp\/v2\/types\/page"}],"author":[{"embeddable":true,"href":"https:\/\/everbloom.eu\/fr\/wp-json\/wp\/v2\/users\/4"}],"replies":[{"embeddable":true,"href":"https:\/\/everbloom.eu\/fr\/wp-json\/wp\/v2\/comments?post=19"}],"version-history":[{"count":0,"href":"https:\/\/everbloom.eu\/fr\/wp-json\/wp\/v2\/pages\/19\/revisions"}],"wp:attachment":[{"href":"https:\/\/everbloom.eu\/fr\/wp-json\/wp\/v2\/media?parent=19"}],"curies":[{"name":"wp","href":"https:\/\/api.w.org\/{rel}","templated":true}]}}